{"id":16,"date":"2025-03-31T11:31:35","date_gmt":"2025-03-31T11:31:35","guid":{"rendered":"https:\/\/hptronic.poz.se\/?page_id=16"},"modified":"2026-02-26T15:12:11","modified_gmt":"2026-02-26T15:12:11","slug":"dokument","status":"publish","type":"page","link":"https:\/\/hptronic.com\/sv\/dokument\/","title":{"rendered":"Dokument"},"content":{"rendered":"\t\t<div data-elementor-type=\"wp-page\" data-elementor-id=\"16\" class=\"elementor elementor-16\">\n\t\t\t\t<div class=\"elementor-element elementor-element-9c2aad4 e-flex e-con-boxed e-con e-parent\" data-id=\"9c2aad4\" data-element_type=\"container\" data-e-type=\"container\" data-settings=\"{&quot;background_background&quot;:&quot;classic&quot;}\">\n\t\t\t\t\t<div class=\"e-con-inner\">\n\t\t\t\t<div class=\"elementor-element elementor-element-3b2cedb elementor-widget-divider--view-line elementor-widget elementor-widget-divider\" data-id=\"3b2cedb\" data-element_type=\"widget\" data-e-type=\"widget\" data-widget_type=\"divider.default\">\n\t\t\t\t<div class=\"elementor-widget-container\">\n\t\t\t\t\t\t\t<div class=\"elementor-divider\">\n\t\t\t<span class=\"elementor-divider-separator\">\n\t\t\t\t\t\t<\/span>\n\t\t<\/div>\n\t\t\t\t\t\t<\/div>\n\t\t\t\t<\/div>\n\t\t\t\t<div class=\"elementor-element elementor-element-3a589e4 elementor-widget elementor-widget-text-editor\" data-id=\"3a589e4\" data-element_type=\"widget\" data-e-type=\"widget\" data-widget_type=\"text-editor.default\">\n\t\t\t\t<div class=\"elementor-widget-container\">\n\t\t\t\t\t\t\t\t\t<h1 style=\"text-align: center;\"><span style=\"color: #ffffff;\">Dokument<\/span><\/h1>\t\t\t\t\t\t\t\t<\/div>\n\t\t\t\t<\/div>\n\t\t<div class=\"elementor-element elementor-element-9bf8335 e-grid e-con-full e-con e-child\" data-id=\"9bf8335\" data-element_type=\"container\" data-e-type=\"container\" data-settings=\"{&quot;background_background&quot;:&quot;classic&quot;}\">\n\t\t\t\t<div class=\"elementor-element elementor-element-3200471 elementor-widget elementor-widget-image\" data-id=\"3200471\" data-element_type=\"widget\" data-e-type=\"widget\" data-widget_type=\"image.default\">\n\t\t\t\t<div class=\"elementor-widget-container\">\n\t\t\t\t\t\t\t\t\t\t\t\t\t\t\t\t<a href=\"https:\/\/hptronic.com\/wp-content\/uploads\/2025\/06\/Horberg-Petersson-Tronic-AB-Hallbarhetsrapport-2024.pdf\" target=\"_blank\">\n\t\t\t\t\t\t\t<img decoding=\"async\" src=\"https:\/\/hptronic.com\/wp-content\/uploads\/elementor\/thumbs\/hptronic-Hallbarhetsrapport-2024-700px-r89jep6wjlp6ct72sd8fq4t12f6u1kbo4vsldnlwdk.png\" title=\"hptronic-Ha\u030allbarhetsrapport-2024-700px\" alt=\"hptronic-Ha\u030allbarhetsrapport-2024-700px\" loading=\"lazy\" \/>\t\t\t\t\t\t\t\t<\/a>\n\t\t\t\t\t\t\t\t\t\t\t\t\t\t\t<\/div>\n\t\t\t\t<\/div>\n\t\t\t\t<div class=\"elementor-element elementor-element-c24f467 elementor-widget__width-inherit elementor-widget elementor-widget-text-editor\" data-id=\"c24f467\" data-element_type=\"widget\" data-e-type=\"widget\" data-widget_type=\"text-editor.default\">\n\t\t\t\t<div class=\"elementor-widget-container\">\n\t\t\t\t\t\t\t\t\t<h5><a href=\"https:\/\/hptronic.com\/wp-content\/uploads\/2025\/06\/Horberg-Petersson-Tronic-AB-Hallbarhetsrapport-2024.pdf\" target=\"_blank\" rel=\"noopener\">H\u00e5llbarhetsrapport 2024<\/a><\/h5><p>En omfattande rapport om HP Tronics insatser och framsteg under 2023 inom milj\u00f6m\u00e4ssigt, socialt och ekonomiskt h\u00e5llbarhetsarbete, inklusive strategier, resultat och framtida m\u00e5l.<\/p><p><a href=\"https:\/\/hptronic.com\/wp-content\/uploads\/2025\/05\/Horberg-Petersson-Tronic-AB-Hallbarhetsredovisning-2023.pdf\" target=\"_blank\" rel=\"noopener\"><em>&gt; H\u00e5llbarhetsrapport 2023<\/em><\/a><\/p>\t\t\t\t\t\t\t\t<\/div>\n\t\t\t\t<\/div>\n\t\t\t\t<div class=\"elementor-element elementor-element-7ce333c elementor-widget elementor-widget-image\" data-id=\"7ce333c\" data-element_type=\"widget\" data-e-type=\"widget\" data-widget_type=\"image.default\">\n\t\t\t\t<div class=\"elementor-widget-container\">\n\t\t\t\t\t\t\t\t\t\t\t\t\t\t\t\t<a href=\"https:\/\/hptronic.com\/wp-content\/uploads\/2025\/10\/Q1901a-Uppforandekod-for-leverantorer.pdf\" target=\"_blank\">\n\t\t\t\t\t\t\t<img decoding=\"async\" src=\"https:\/\/hptronic.com\/wp-content\/uploads\/elementor\/thumbs\/hptronic-Q1901b-Supplier-Code-of-Conduct-700px-r89jep6wjlp6ct72sd8fq4t12f6u1kbo4vsldnlwdk.png\" title=\"hptronic-Q1901b Supplier Code of Conduct-700px\" alt=\"hptronic-Q1901b Supplier Code of Conduct-700px\" loading=\"lazy\" \/>\t\t\t\t\t\t\t\t<\/a>\n\t\t\t\t\t\t\t\t\t\t\t\t\t\t\t<\/div>\n\t\t\t\t<\/div>\n\t\t\t\t<div class=\"elementor-element elementor-element-dd5bd50 elementor-widget__width-inherit elementor-widget elementor-widget-text-editor\" data-id=\"dd5bd50\" data-element_type=\"widget\" data-e-type=\"widget\" data-widget_type=\"text-editor.default\">\n\t\t\t\t<div class=\"elementor-widget-container\">\n\t\t\t\t\t\t\t\t\t<h5><a href=\"https:\/\/hptronic.com\/wp-content\/uploads\/2025\/06\/Q1901b-Supplier-Code-of-Conduct.pdf\" target=\"_blank\" rel=\"noopener\">Supplier Code of Conduct<\/a><\/h5><p>En v\u00e4gledning med grundl\u00e4ggande krav f\u00f6r etiskt och ansvarsfullt agerande inom HP Tronic Group och hos dess leverant\u00f6rer, med fokus p\u00e5 m\u00e4nskliga r\u00e4ttigheter, arbetsvillkor och milj\u00f6skydd.<\/p>\t\t\t\t\t\t\t\t<\/div>\n\t\t\t\t<\/div>\n\t\t\t\t<div class=\"elementor-element elementor-element-c6f80ca elementor-widget elementor-widget-image\" data-id=\"c6f80ca\" data-element_type=\"widget\" data-e-type=\"widget\" data-widget_type=\"image.default\">\n\t\t\t\t<div class=\"elementor-widget-container\">\n\t\t\t\t\t\t\t\t\t\t\t\t\t\t\t\t<a href=\"https:\/\/hptronic.com\/wp-content\/uploads\/2025\/10\/Q1904a-HP-Tronic-Group-uppforandekod.pdf\" target=\"_blank\">\n\t\t\t\t\t\t\t<img decoding=\"async\" src=\"https:\/\/hptronic.com\/wp-content\/uploads\/elementor\/thumbs\/hptronic-Uppforandekod-v3-700px-r89jep6wjlp6ct72sd8fq4t12f6u1kbo4vsldnlwdk.png\" title=\"hptronic-Uppfo\u0308randekod-v3-700px\" alt=\"hptronic-Uppfo\u0308randekod-v3-700px\" loading=\"lazy\" \/>\t\t\t\t\t\t\t\t<\/a>\n\t\t\t\t\t\t\t\t\t\t\t\t\t\t\t<\/div>\n\t\t\t\t<\/div>\n\t\t\t\t<div class=\"elementor-element elementor-element-896f53a elementor-widget__width-inherit elementor-widget elementor-widget-text-editor\" data-id=\"896f53a\" data-element_type=\"widget\" data-e-type=\"widget\" data-widget_type=\"text-editor.default\">\n\t\t\t\t<div class=\"elementor-widget-container\">\n\t\t\t\t\t\t\t\t\t<h5><a href=\"https:\/\/hptronic.com\/wp-content\/uploads\/2025\/06\/250612-Q0114-HP-Tronic-Group-uppforandekod.pdf\" target=\"_blank\" rel=\"noopener\">Uppf\u00f6randekod<\/a><\/h5><p>Ett ramverk f\u00f6r etiskt beslutsfattande och beteende f\u00f6r HP Tronic Groups medarbetare och samarbetspartners, med riktlinjer kring h\u00e5llbarhet, aff\u00e4rsetik, arbetsmilj\u00f6 och korruptionsbek\u00e4mpning.<\/p>\t\t\t\t\t\t\t\t<\/div>\n\t\t\t\t<\/div>\n\t\t\t\t<div class=\"elementor-element elementor-element-08ef960 elementor-widget elementor-widget-image\" data-id=\"08ef960\" data-element_type=\"widget\" data-e-type=\"widget\" data-widget_type=\"image.default\">\n\t\t\t\t<div class=\"elementor-widget-container\">\n\t\t\t\t\t\t\t\t\t\t\t\t\t\t\t\t<a href=\"https:\/\/hptronic.com\/wp-content\/uploads\/2026\/02\/2026-2029-ISO-certifikat-9001-14001-45001-Horberg-Petersson-Tronic-AB.pdf\" target=\"_blank\">\n\t\t\t\t\t\t\t<img decoding=\"async\" src=\"https:\/\/hptronic.com\/wp-content\/uploads\/elementor\/thumbs\/hptronic-ISO-2026-2029-rj8olo7s7bje2r8uqx9m980lif3qioibb2aaznhtew.webp\" title=\"hptronic-ISO-2026-2029\" alt=\"hptronic-ISO-2026-2029\" loading=\"lazy\" \/>\t\t\t\t\t\t\t\t<\/a>\n\t\t\t\t\t\t\t\t\t\t\t\t\t\t\t<\/div>\n\t\t\t\t<\/div>\n\t\t\t\t<div class=\"elementor-element elementor-element-f865434 elementor-widget__width-inherit elementor-widget elementor-widget-text-editor\" data-id=\"f865434\" data-element_type=\"widget\" data-e-type=\"widget\" data-widget_type=\"text-editor.default\">\n\t\t\t\t<div class=\"elementor-widget-container\">\n\t\t\t\t\t\t\t\t\t<h5><a href=\"https:\/\/hptronic.com\/wp-content\/uploads\/2026\/02\/2026-2029-ISO-certifikat-9001-14001-45001-Horberg-Petersson-Tronic-AB.pdf\" target=\"_blank\" rel=\"noopener\">ISO certificate H\u00f6rberg Petersson Tronic AB<\/a><\/h5><p>F\u00f6r 2026-2029<br \/>ISO 14001<br \/>ISO 9001<br \/>ISO 45001<\/p>\t\t\t\t\t\t\t\t<\/div>\n\t\t\t\t<\/div>\n\t\t\t\t<\/div>\n\t\t\t\t\t<\/div>\n\t\t\t\t<\/div>\n\t\t<div class=\"elementor-element elementor-element-04d6402 e-con-full e-flex e-con e-parent\" data-id=\"04d6402\" data-element_type=\"container\" data-e-type=\"container\" data-settings=\"{&quot;background_background&quot;:&quot;classic&quot;}\">\n\t\t<div class=\"elementor-element elementor-element-9aae778 e-con-full e-flex e-con e-child\" data-id=\"9aae778\" data-element_type=\"container\" data-e-type=\"container\">\n\t\t\t\t<div class=\"elementor-element elementor-element-8040fa3 elementor-widget elementor-widget-text-editor\" data-id=\"8040fa3\" data-element_type=\"widget\" data-e-type=\"widget\" data-widget_type=\"text-editor.default\">\n\t\t\t\t<div class=\"elementor-widget-container\">\n\t\t\t\t\t\t\t\t\t<h5 style=\"text-align: left;\">Sweden<\/h5><p style=\"text-align: left;\">H\u00f6rberg Petersson Tronic AB<br \/>L\u00e5nggatan 26<br \/>34132 Ljungby, Sweden<\/p>\t\t\t\t\t\t\t\t<\/div>\n\t\t\t\t<\/div>\n\t\t\t\t<\/div>\n\t\t<div class=\"elementor-element elementor-element-3ca4944 e-con-full e-flex e-con e-child\" data-id=\"3ca4944\" data-element_type=\"container\" data-e-type=\"container\">\n\t\t\t\t<div class=\"elementor-element elementor-element-55c577d elementor-widget elementor-widget-text-editor\" data-id=\"55c577d\" data-element_type=\"widget\" data-e-type=\"widget\" data-widget_type=\"text-editor.default\">\n\t\t\t\t<div class=\"elementor-widget-container\">\n\t\t\t\t\t\t\t\t\t<h5 style=\"text-align: left;\">Sweden<\/h5><p style=\"text-align: left;\">H\u00f6rberg Petersson Tronic AB<br \/>\u00c5ngloksv\u00e4gen 13<br \/>226 51 Lund, Sweden<\/p>\t\t\t\t\t\t\t\t<\/div>\n\t\t\t\t<\/div>\n\t\t\t\t<\/div>\n\t\t<div class=\"elementor-element elementor-element-5e7ce46 e-con-full e-flex e-con e-child\" data-id=\"5e7ce46\" data-element_type=\"container\" data-e-type=\"container\">\n\t\t\t\t<div class=\"elementor-element elementor-element-d62163b elementor-widget elementor-widget-text-editor\" data-id=\"d62163b\" data-element_type=\"widget\" data-e-type=\"widget\" data-widget_type=\"text-editor.default\">\n\t\t\t\t<div class=\"elementor-widget-container\">\n\t\t\t\t\t\t\t\t\t<h5 style=\"text-align: left;\">Sweden<\/h5><p style=\"text-align: left;\">Tran\u00e5s Industrikablage AB<br \/>Zinkgatan 3<br \/>573 38 Tran\u00e5s<\/p>\t\t\t\t\t\t\t\t<\/div>\n\t\t\t\t<\/div>\n\t\t\t\t<div class=\"elementor-element elementor-element-d42c1ab elementor-widget elementor-widget-image\" data-id=\"d42c1ab\" data-element_type=\"widget\" data-e-type=\"widget\" data-widget_type=\"image.default\">\n\t\t\t\t<div class=\"elementor-widget-container\">\n\t\t\t\t\t\t\t\t\t\t\t\t\t\t\t<img decoding=\"async\" width=\"300\" height=\"100\" src=\"https:\/\/hptronic.com\/wp-content\/uploads\/2025\/06\/logo_industrikablage_300x100px.png\" class=\"attachment-large size-large wp-image-1178\" alt=\"\" \/>\t\t\t\t\t\t\t\t\t\t\t\t\t\t\t<\/div>\n\t\t\t\t<\/div>\n\t\t\t\t<\/div>\n\t\t<div class=\"elementor-element elementor-element-e0575bc e-con-full e-flex e-con e-child\" data-id=\"e0575bc\" data-element_type=\"container\" data-e-type=\"container\">\n\t\t\t\t<div class=\"elementor-element elementor-element-481c54f elementor-widget elementor-widget-text-editor\" data-id=\"481c54f\" data-element_type=\"widget\" data-e-type=\"widget\" data-widget_type=\"text-editor.default\">\n\t\t\t\t<div class=\"elementor-widget-container\">\n\t\t\t\t\t\t\t\t\t<h5 style=\"text-align: left;\">Bulgaria<\/h5><p style=\"text-align: left;\">HP Tronic Ruse EOOD<br \/>1 Hristo Botev blvd.<br \/>7018 Rousse Bulgaria<\/p>\t\t\t\t\t\t\t\t<\/div>\n\t\t\t\t<\/div>\n\t\t\t\t<\/div>\n\t\t<div class=\"elementor-element elementor-element-22cebf1 e-con-full e-flex e-con e-child\" data-id=\"22cebf1\" data-element_type=\"container\" data-e-type=\"container\">\n\t\t\t\t<div class=\"elementor-element elementor-element-915441f elementor-widget elementor-widget-text-editor\" data-id=\"915441f\" data-element_type=\"widget\" data-e-type=\"widget\" data-widget_type=\"text-editor.default\">\n\t\t\t\t<div class=\"elementor-widget-container\">\n\t\t\t\t\t\t\t\t\t<h5 style=\"text-align: left;\">China<\/h5><p style=\"text-align: left;\">HP Tronic Suzhou Co., Ltd.<br \/>Unit 1A, Modern Industry Square<br \/>333 XingPu Road, 215126 Suzhou, China<\/p>\t\t\t\t\t\t\t\t<\/div>\n\t\t\t\t<\/div>\n\t\t\t\t<\/div>\n\t\t<div class=\"elementor-element elementor-element-fb81969 e-con-full e-flex e-con e-child\" data-id=\"fb81969\" data-element_type=\"container\" data-e-type=\"container\">\n\t\t\t\t<div class=\"elementor-element elementor-element-0f16b2c elementor-widget elementor-widget-text-editor\" data-id=\"0f16b2c\" data-element_type=\"widget\" data-e-type=\"widget\" data-widget_type=\"text-editor.default\">\n\t\t\t\t<div class=\"elementor-widget-container\">\n\t\t\t\t\t\t\t\t\t<h5 style=\"text-align: left;\">India<\/h5><p style=\"text-align: left;\">HP Tronic Pune Private Limited<br \/>Plot No PAP A36\/A<br \/>Phase IV, MIDC, Chakan<br \/>Pune \u2013 410 501, India<\/p>\t\t\t\t\t\t\t\t<\/div>\n\t\t\t\t<\/div>\n\t\t\t\t<\/div>\n\t\t\t\t<\/div>\n\t\t<div class=\"elementor-element elementor-element-39cde39 e-flex e-con-boxed e-con e-parent\" data-id=\"39cde39\" data-element_type=\"container\" data-e-type=\"container\">\n\t\t\t\t\t<div class=\"e-con-inner\">\n\t\t\t\t<div class=\"elementor-element elementor-element-538539e elementor-widget elementor-widget-text-editor\" data-id=\"538539e\" data-element_type=\"widget\" data-e-type=\"widget\" data-widget_type=\"text-editor.default\">\n\t\t\t\t<div class=\"elementor-widget-container\">\n\t\t\t\t\t\t\t\t\t<p style=\"text-align: center;\"><em>Copyright \u00a9 HP Tronic. All rights reserved. Design by POZ.<\/em><\/p>\t\t\t\t\t\t\t\t<\/div>\n\t\t\t\t<\/div>\n\t\t\t\t\t<\/div>\n\t\t\t\t<\/div>\n\t\t\t\t<\/div>\n\t\t","protected":false},"excerpt":{"rendered":"<p>Dokument H\u00e5llbarhetsrapport 2024 En omfattande rapport om HP Tronics insatser och framsteg under 2023 inom milj\u00f6m\u00e4ssigt, socialt och ekonomiskt h\u00e5llbarhetsarbete, inklusive strategier, resultat och framtida m\u00e5l. &gt; H\u00e5llbarhetsrapport 2023 Supplier Code of Conduct En v\u00e4gledning med grundl\u00e4ggande krav f\u00f6r etiskt och ansvarsfullt agerande inom HP Tronic Group och hos dess leverant\u00f6rer, med fokus p\u00e5 m\u00e4nskliga [&hellip;]<\/p>\n","protected":false},"author":1,"featured_media":0,"parent":0,"menu_order":0,"comment_status":"closed","ping_status":"closed","template":"elementor_header_footer","meta":{"footnotes":""},"class_list":["post-16","page","type-page","status-publish","hentry"],"_links":{"self":[{"href":"https:\/\/hptronic.com\/sv\/wp-json\/wp\/v2\/pages\/16","targetHints":{"allow":["GET"]}}],"collection":[{"href":"https:\/\/hptronic.com\/sv\/wp-json\/wp\/v2\/pages"}],"about":[{"href":"https:\/\/hptronic.com\/sv\/wp-json\/wp\/v2\/types\/page"}],"author":[{"embeddable":true,"href":"https:\/\/hptronic.com\/sv\/wp-json\/wp\/v2\/users\/1"}],"replies":[{"embeddable":true,"href":"https:\/\/hptronic.com\/sv\/wp-json\/wp\/v2\/comments?post=16"}],"version-history":[{"count":64,"href":"https:\/\/hptronic.com\/sv\/wp-json\/wp\/v2\/pages\/16\/revisions"}],"predecessor-version":[{"id":2018,"href":"https:\/\/hptronic.com\/sv\/wp-json\/wp\/v2\/pages\/16\/revisions\/2018"}],"wp:attachment":[{"href":"https:\/\/hptronic.com\/sv\/wp-json\/wp\/v2\/media?parent=16"}],"curies":[{"name":"wp","href":"https:\/\/api.w.org\/{rel}","templated":true}]}}